{"id":6154,"date":"2020-09-01T18:08:07","date_gmt":"2020-09-01T16:08:07","guid":{"rendered":"https:\/\/clinicadentalbroseta.com\/?page_id=6154"},"modified":"2020-10-29T23:57:20","modified_gmt":"2020-10-29T21:57:20","slug":"el-cuidado-dental-durante-el-embarazo","status":"publish","type":"page","link":"https:\/\/clinicadentalbroseta.com\/gb\/el-cuidado-dental-durante-el-embarazo\/","title":{"rendered":"El cuidado dental durante el embarazo"},"content":{"rendered":"\n<h1 class=\"has-text-align-center\"><strong><span class=\"has-inline-color has-vivid-cyan-blue-color\">El cuidado dental durante el embarazo<\/span><\/strong><\/h1>\n\n\n\n<p><\/p>\n\n\n\n<figure class=\"wp-block-image size-large\"><img loading=\"lazy\" width=\"1024\" height=\"683\" src=\"https:\/\/clinicadentalbroseta.com\/wp-content\/uploads\/2020\/09\/image3-2-1024x683.png\" alt=\"\" class=\"wp-image-6158\" srcset=\"https:\/\/clinicadentalbroseta.com\/wp-content\/uploads\/2020\/09\/image3-2-1024x683.png 1024w, https:\/\/clinicadentalbroseta.com\/wp-content\/uploads\/2020\/09\/image3-2-300x200.png 300w, https:\/\/clinicadentalbroseta.com\/wp-content\/uploads\/2020\/09\/image3-2.png 1999w\" sizes=\"(max-width: 1024px) 100vw, 1024px\" \/><\/figure>\n\n\n\n<h2 class=\"has-text-align-center\"><strong><span class=\"has-inline-color has-vivid-cyan-blue-color\">El embarazo es un momento muy especial en la vida de cualquier mujer.<\/span><\/strong><\/h2>\n\n\n\n<p>Est\u00e1s pasando momentos de mucha ilusi\u00f3n y alegr\u00eda\u2026y otros de incertidumbre y desconcierto por los cambios que est\u00e1 sufriendo tu cuerpo.<\/p>\n\n\n\n<p>En nuestra cl\u00ednica dental tratamos los problemas dentales y de enc\u00edas t\u00edpicos del embarazo.<\/p>\n\n\n\n<figure class=\"wp-block-table is-style-regular\"><table class=\"has-fixed-layout\"><tbody><tr><td class=\"has-text-align-center\" data-align=\"center\"><strong><span class=\"has-inline-color has-vivid-cyan-blue-color\">Sangrado de enc\u00edas<\/span><\/strong><\/td><td class=\"has-text-align-center\" data-align=\"center\"><strong><span class=\"has-inline-color has-vivid-cyan-blue-color\">Dolor dental<\/span><\/strong><\/td><td class=\"has-text-align-center\" data-align=\"center\"><strong><span class=\"has-inline-color has-vivid-cyan-blue-color\">Boca seca<\/span><\/strong><\/td><td class=\"has-text-align-center\" data-align=\"center\"><strong><span class=\"has-inline-color has-vivid-cyan-blue-color\">Mal aliento<\/span><\/strong><\/td><td class=\"has-text-align-center\" data-align=\"center\"><strong><span class=\"has-inline-color has-vivid-cyan-blue-color\">Infecciones<\/span><\/strong><\/td><\/tr><\/tbody><\/table><\/figure>\n\n\n\n<p><\/p>\n\n\n\n<p>Seguramente ya has notado que te sangran las enc\u00edas m\u00e1s de lo normal y que est\u00e1n m\u00e1s hinchadas, no es casualidad, es lo que llamamos <strong>gingivitis del embarazo.<\/strong><\/p>\n\n\n\n<p class=\"has-text-align-center has-pale-cyan-blue-background-color has-text-color has-background\" style=\"font-size:18px;color:#035d91\"><strong><span style=\"color:#046298\" class=\"has-inline-color\">Es importante hacer una limpieza de boca si te sangran las enc\u00edas<\/span><\/strong><\/p>\n\n\n\n<p>Tambi\u00e9n puedes haber notado dolor dental durante tu embarazo. <strong>La composici\u00f3n de la saliva cambia y es m\u00e1s \u00e1cida, a eso hay que a\u00f1adir los v\u00f3mitos<\/strong> que muchas veces sufrimos en el primer trimestre de embarazo.<\/p>\n\n\n\n<h3 class=\"has-text-align-center\"><strong><span class=\"has-inline-color has-vivid-cyan-blue-color\">Estas son las principales causas del aumento de caries cuando estamos embarazadas<\/span><\/strong><\/h3>\n\n\n\n<p>Por eso a nuestras pacientes les <strong>recomendamos que nos visiten<\/strong> cuando piensen en quedarse embarazadas o <strong>m\u00ednimo una vez durante el embarazo<\/strong>.<\/p>\n\n\n\n<p><strong>Es la mejor forma de prevenir urgencias dentales en tu embarazo<\/strong> como el dolor de dientes o las infecciones dentales.<\/p>\n\n\n\n<p>Otros problemas t\u00edpicos cuando estamos embarazadas son la sequedad bucal y el mal aliento.<\/p>\n\n\n\n<div class=\"wp-block-group\"><div class=\"wp-block-group__inner-container\">\n<p class=\"has-text-align-center has-pale-cyan-blue-background-color has-background\" style=\"font-size:18px\"><strong><span style=\"color:#046298\" class=\"has-inline-color\">Recuerda que es seguro y muy recomendable que vayas al dentista en el embarazo<\/span><\/strong><\/p>\n<\/div><\/div>\n\n\n\n<h2 class=\"has-text-align-center\"><strong><span class=\"has-inline-color has-vivid-cyan-blue-color\">En la Cl\u00ednica dental BROSETA Valencia y Cheste cuidamos de tu sonrisa<\/span><\/strong><\/h2>\n\n\n\n<p class=\"has-text-align-center\">Estaremos encantadas de atenderte en nuestras cl\u00ednicas de Valencia y Cheste.<\/p>\n\n\n\n<div class=\"wp-block-group alignwide\"><div class=\"wp-block-group__inner-container\">\n<div class=\"wp-block-columns alignwide\">\n<div class=\"wp-block-column\">\n<h4 class=\"has-text-align-center\"><strong>VALENCIA<\/strong><\/h4>\n\n\n\n<p class=\"has-text-align-center\">C\/ Escultor Jos\u00e9 Capuz, 23. 2\u00ba izq. pta 8 Valencia<\/p>\n\n\n\n<p class=\"has-text-align-center\">96 374 94 68 \/ 625 882 625<\/p>\n\n\n\n<p class=\"has-text-align-center\"><a href=\"mailto:info@clinicadentalbroseta.com\">info@clinicadentalbroseta.com<\/a><\/p>\n\n\n\n<div class=\"wp-block-buttons\"><\/div>\n<\/div>\n\n\n\n<div class=\"wp-block-column\">\n<h4 class=\"has-text-align-center\"><strong>CHESTE<\/strong><\/h4>\n\n\n\n<p class=\"has-text-align-center\">Avenida de Castilla, 33 1\u00ba pta 3&nbsp;Cheste<\/p>\n\n\n\n<p class=\"has-text-align-center\">96 251 14 43 \/ 625 882 625<\/p>\n\n\n\n<p class=\"has-text-align-center\"><a href=\"mailto:info@clinicadentalbroseta.com\">info@clinicadentalbroseta.com<\/a><\/p>\n<\/div>\n<\/div>\n<\/div><\/div>\n\n\n\n<h4 class=\"has-text-align-center\"><strong><span class=\"has-inline-color has-vivid-cyan-blue-color\">Ll\u00e1manos y coge tu cita. \u00a1Te esperamos, futura mam\u00e1!<\/span><\/strong><\/h4>\n\n\n\n<pre class=\"wp-block-code\"><code>&lt;!-- Begin Mailchimp Signup Form -->\n&lt;link href=\"\/\/cdn-images.mailchimp.com\/embedcode\/classic-10_7.css\" rel=\"stylesheet\" type=\"text\/css\">\n&lt;style type=\"text\/css\">\n\t#mc_embed_signup{background:#fff; clear:left; font:14px Helvetica,Arial,sans-serif; }\n\t\/* Add your own Mailchimp form style overrides in your site stylesheet or in this style block.\n\t   We recommend moving this block and the preceding CSS link to the HEAD of your HTML file. *\/\n&lt;\/style>&lt;div id=\"mc_embed_signup\">&lt;form action=\"https:\/\/clinicadentalbroseta.us10.list-manage.com\/subscribe\/post?u=df2fb0bd6574523a67b701397&amp;amp;id=cc2b4a0f15\" method=\"post\" id=\"mc-embedded-subscribe-form\" name=\"mc-embedded-subscribe-form\" class=\"validate\" target=\"_blank\" novalidate>&lt;div id=\"mc_embed_signup_scroll\">&lt;h2>Descarga gratuita&lt;\/h2>\n&lt;p>CUIDA TUS DIENTES Y TUS ENC\u00cdAS DURANTE TU EMBARAZO Y P\u00c1SALO SIN DOLOR NI SORPRESAS DESAGRADABLES.&lt;\/p>\n&lt;p>Solo el 10% de las mujeres embarazadas acuden al dentista durante el embarazo poniendo en riesgo sin saberlo el parto y la salud de su beb\u00e9.&lt;\/p>\n&lt;div class=\"indicates-required\">&lt;span class=\"asterisk\">*&lt;\/span> campos requeridos&lt;\/div>&lt;div class=\"mc-field-group\">\n\t&lt;label for=\"mce-EMAIL\">Email  &lt;span class=\"asterisk\">*&lt;\/span>\n&lt;\/label>\n\t&lt;input type=\"email\" value=\"\" name=\"EMAIL\" class=\"required email\" id=\"mce-EMAIL\">\n&lt;\/div>\n&lt;div class=\"mc-field-group\">\n\t&lt;label for=\"mce-FNAME\">Nombre &lt;\/label>\n\t&lt;input type=\"text\" value=\"\" name=\"FNAME\" class=\"\" id=\"mce-FNAME\">\n&lt;\/div>\n&lt;div class=\"mc-field-group\">\n\t&lt;label for=\"mce-LNAME\">Apellidos &lt;\/label>\n\t&lt;input type=\"text\" value=\"\" name=\"LNAME\" class=\"\" id=\"mce-LNAME\">\n&lt;\/div>\n\t&lt;div id=\"mce-responses\" class=\"clear\">\n\t\t&lt;div class=\"response\" id=\"mce-error-response\" style=\"display:none\">&lt;\/div>\n\t\t&lt;div class=\"response\" id=\"mce-success-response\" style=\"display:none\">&lt;\/div>\n\t&lt;\/div>    &lt;!-- real people should not fill this in and expect good things - do not remove this or risk form bot signups-->\n    &lt;div style=\"position: absolute; left: -5000px;\" aria-hidden=\"true\">&lt;input type=\"text\" name=\"b_df2fb0bd6574523a67b701397_cc2b4a0f15\" tabindex=\"-1\" value=\"\">&lt;\/div>\n    &lt;div class=\"clear\">&lt;input type=\"submit\" value=\"Env\u00edame tu gu\u00eda gratuita\" name=\"subscribe\" id=\"mc-embedded-subscribe\" class=\"button\">&lt;\/div>\n    &lt;\/div>\n&lt;\/form>\n&lt;\/div>\n\n&lt;!--End mc_embed_signup--><\/code><\/pre>\n\n\n\n<p class=\"has-text-align-center\">Para que aprendas los cuidados que necesita tu boca en cada momento del embarazo y lo hagas muy bien desde el principio.<\/p>\n","protected":false},"excerpt":{"rendered":"<p>El cuidado dental durante el embarazo El embarazo es un momento muy especial en la vida de cualquier mujer. Est\u00e1s pasando momentos de mucha ilusi\u00f3n y alegr\u00eda\u2026y otros de incertidumbre y desconcierto por los cambios que est\u00e1 sufriendo tu cuerpo. En nuestra cl\u00ednica dental tratamos los problemas dentales y de enc\u00edas t\u00edpicos del embarazo. Sangrado<\/p>\n","protected":false},"author":3,"featured_media":0,"parent":0,"menu_order":0,"comment_status":"closed","ping_status":"closed","template":"","meta":[],"translation":{"provider":"WPGlobus","version":"2.8.11","language":"gb","enabled_languages":["es","gb"],"languages":{"es":{"title":true,"content":true,"excerpt":false},"gb":{"title":false,"content":false,"excerpt":false}}},"aioseo_notices":[],"_links":{"self":[{"href":"https:\/\/clinicadentalbroseta.com\/gb\/wp-json\/wp\/v2\/pages\/6154"}],"collection":[{"href":"https:\/\/clinicadentalbroseta.com\/gb\/wp-json\/wp\/v2\/pages"}],"about":[{"href":"https:\/\/clinicadentalbroseta.com\/gb\/wp-json\/wp\/v2\/types\/page"}],"author":[{"embeddable":true,"href":"https:\/\/clinicadentalbroseta.com\/gb\/wp-json\/wp\/v2\/users\/3"}],"replies":[{"embeddable":true,"href":"https:\/\/clinicadentalbroseta.com\/gb\/wp-json\/wp\/v2\/comments?post=6154"}],"version-history":[{"count":29,"href":"https:\/\/clinicadentalbroseta.com\/gb\/wp-json\/wp\/v2\/pages\/6154\/revisions"}],"predecessor-version":[{"id":6197,"href":"https:\/\/clinicadentalbroseta.com\/gb\/wp-json\/wp\/v2\/pages\/6154\/revisions\/6197"}],"wp:attachment":[{"href":"https:\/\/clinicadentalbroseta.com\/gb\/wp-json\/wp\/v2\/media?parent=6154"}],"curies":[{"name":"wp","href":"https:\/\/api.w.org\/{rel}","templated":true}]}}