{"id":3350,"date":"2016-07-13T19:53:07","date_gmt":"2016-07-13T19:53:07","guid":{"rendered":"http:\/\/clinicadentalbroseta.com\/?page_id=3350"},"modified":"2016-12-30T13:43:15","modified_gmt":"2016-12-30T13:43:15","slug":"francisco-broseta-collado","status":"publish","type":"page","link":"https:\/\/clinicadentalbroseta.com\/gb\/francisco-broseta-collado\/","title":{"rendered":"DR. FRANCISCO BROSETA COLLADO"},"content":{"rendered":"<section  class=\"content-section full-width with-col no-padding no-margin\"><div class=\"row vc_row-fluid\"><div class=\"wpb_column vc_column_container col-md-12\"><h2  class=\"section-title mb-70 mb-sm-40 font-alt align-center\" style=\"font-size:30px;\">DR. FRANCISCO BROSETA COLLADO<\/h2><h2  class=\"section-title mb-70 mb-sm-40 font-alt align-center\" style=\"font-size:17px;\">N\u00ba Colegiado: 46003906<\/h2><\/div><\/div><\/section><section  class=\"content-section full-width with-col no-padding no-margin\"><div class=\"row vc_row-fluid\"><div class=\"wpb_column vc_column_container col-md-12\"><div class=\"section-text text-block \" ><p style=\"padding-left: 30px\"><strong><a href=\"http:\/\/clinicadentalbroseta.com\/wp-content\/uploads\/2015\/03\/f1.jpg\"><img loading=\"lazy\" class=\"wp-image-3274 size-medium alignleft\" src=\"http:\/\/clinicadentalbroseta.com\/wp-content\/uploads\/2015\/03\/f1-200x300.jpg\" width=\"200\" height=\"300\" \/><\/a><\/strong><\/p>\n<p>&#8211; <strong>Licenciado en Odontolog\u00eda<\/strong> por la Universidad Cardenal Herrero CEU en 2010.<br \/>\n&#8211; Asistencia a la VI Jornada de Blanqueamiento Dental \u201cPUESTA AL D\u00cdA EN BLANQUEAMIENTO DENTAL\u201d organizado por el Centro de Estudios Odonto-Estomatol\u00f3gicos de Valencia en 2009.<br \/>\n&#8211; Comunicaci\u00f3n Oral en \u201cNUEVOS AVANCES EN ENDODONCIA ROTATORIA\u201d por la UCH \u2013 CEU en el VI Congreso Internacional de Estudiantes deCiencias Experimentales y de la Salud en 2009.<br \/>\n&#8211; Curso en \u201cSISTEMA PROTESIS BIOFUNCIONAL BPS. ARTICULADOR STRATOS 300\u201d, celebrado en la UCH-CEU por la ICDE en 2008.<br \/>\n&#8211; Acreditaci\u00f3n para dirigir instalaciones de rayos x con fines de diagn\u00f3stico m\u00e9dico dental, por la UCH en 2007.<\/p>\n<p><strong>\u00a0<\/strong><\/p>\n<\/div><\/div><\/div><\/section>\n","protected":false},"excerpt":{"rendered":"DR. FRANCISCO BROSETA COLLADON\u00ba Colegiado: 46003906 - Licenciado en Odontolog\u00eda por la Universidad Cardenal Herrero CEU en 2010. - Asistencia a la VI Jornada de Blanqueamiento Dental \u201cPUESTA AL D\u00cdA EN BLANQUEAMIENTO DENTAL\u201d organizado por el Centro de Estudios Odonto-Estomatol\u00f3gicos de Valencia en 2009. - Comunicaci\u00f3n Oral en \u201cNUEVOS AVANCES EN ENDODONCIA ROTATORIA\u201d por la","protected":false},"author":4,"featured_media":0,"parent":0,"menu_order":0,"comment_status":"closed","ping_status":"closed","template":"","meta":[],"translation":{"provider":"WPGlobus","version":"2.8.11","language":"gb","enabled_languages":["es","gb"],"languages":{"es":{"title":true,"content":true,"excerpt":false},"gb":{"title":false,"content":false,"excerpt":false}}},"aioseo_notices":[],"_links":{"self":[{"href":"https:\/\/clinicadentalbroseta.com\/gb\/wp-json\/wp\/v2\/pages\/3350"}],"collection":[{"href":"https:\/\/clinicadentalbroseta.com\/gb\/wp-json\/wp\/v2\/pages"}],"about":[{"href":"https:\/\/clinicadentalbroseta.com\/gb\/wp-json\/wp\/v2\/types\/page"}],"author":[{"embeddable":true,"href":"https:\/\/clinicadentalbroseta.com\/gb\/wp-json\/wp\/v2\/users\/4"}],"replies":[{"embeddable":true,"href":"https:\/\/clinicadentalbroseta.com\/gb\/wp-json\/wp\/v2\/comments?post=3350"}],"version-history":[{"count":6,"href":"https:\/\/clinicadentalbroseta.com\/gb\/wp-json\/wp\/v2\/pages\/3350\/revisions"}],"predecessor-version":[{"id":3618,"href":"https:\/\/clinicadentalbroseta.com\/gb\/wp-json\/wp\/v2\/pages\/3350\/revisions\/3618"}],"wp:attachment":[{"href":"https:\/\/clinicadentalbroseta.com\/gb\/wp-json\/wp\/v2\/media?parent=3350"}],"curies":[{"name":"wp","href":"https:\/\/api.w.org\/{rel}","templated":true}]}}