{"id":3348,"date":"2016-07-13T19:51:14","date_gmt":"2016-07-13T19:51:14","guid":{"rendered":"http:\/\/clinicadentalbroseta.com\/?page_id=3348"},"modified":"2016-12-30T13:43:46","modified_gmt":"2016-12-30T13:43:46","slug":"laura-broseta-collado","status":"publish","type":"page","link":"https:\/\/clinicadentalbroseta.com\/gb\/laura-broseta-collado\/","title":{"rendered":"DRA. LAURA BROSETA COLLADO"},"content":{"rendered":"<section  class=\"content-section full-width with-col no-padding no-margin\"><div class=\"row vc_row-fluid\"><div class=\"wpb_column vc_column_container col-md-12\"><h2  class=\"section-title mb-70 mb-sm-40 font-alt align-center\" style=\"font-size:30px;\">DRA. LAURA BROSETA COLLADO<\/h2><h2  class=\"section-title mb-70 mb-sm-40 font-alt align-center\" style=\"font-size:17px;\">N\u00ba Colegiado: 46003167<\/h2><\/div><\/div><\/section><section  class=\"content-section full-width with-col no-padding no-margin\"><div class=\"row vc_row-fluid\"><div class=\"wpb_column vc_column_container col-md-12\"><div class=\"section-text text-block \" ><p style=\"padding-left: 30px\"><strong><a href=\"http:\/\/clinicadentalbroseta.com\/wp-content\/uploads\/2015\/03\/l1.jpg\"><img loading=\"lazy\" class=\"wp-image-3276 size-medium alignleft\" src=\"http:\/\/clinicadentalbroseta.com\/wp-content\/uploads\/2015\/03\/l1-200x300.jpg\" width=\"200\" height=\"300\" \/><\/a><\/strong><\/p>\n<p>&#8211; <strong>Licenciada en Odontolog\u00eda<\/strong> en 2006.<br \/>\n&#8211; Estancias como Odont\u00f3loga invitada en Cl\u00ednicas de Ortodoncia exclusiva en Frankfurt Alemania (Dra. Frankenberger y Dr. Wnuk) en 2008.<br \/>\n&#8211; Estancias como Odont\u00f3loga invitada en el Departamento de Ortodoncia de la Universidad de Frankfurt bajo la direcci\u00f3n del Profesor Kopp en 2008.<br \/>\n&#8211; Curso de Formaci\u00f3n en Ortodoncia por la Universidad de Oviedo 2008-2009.<br \/>\n&#8211; Certificado de t\u00e9cnica Lingual Incognito 2009.<br \/>\n&#8211; <strong>Especialista en Ortodoncia<\/strong> por la Universidad de Oviedo 2009-2011.<br \/>\n&#8211; M\u00e1ster oficial en Ortodoncia por la Universidad de Oviedo 2011-Mayo 2012.<br \/>\n&#8211; Miembro de la Sociedad Europea de Ortodoncia.<br \/>\n&#8211; Referencias: Mejor M\u00e1ster en 2007 y 2011 reconocido por el Peri\u00f3dico El Mundo.<br \/>\n&#8211; Profesora de Odontopediatr\u00eda Practica en la Universidad CEU San Pablo desde Septiembre 2014.<\/p>\n<\/div><\/div><\/div><\/section>\n","protected":false},"excerpt":{"rendered":"DRA. LAURA BROSETA COLLADON\u00ba Colegiado: 46003167 - Licenciada en Odontolog\u00eda en 2006. - Estancias como Odont\u00f3loga invitada en Cl\u00ednicas de Ortodoncia exclusiva en Frankfurt Alemania (Dra. Frankenberger y Dr. Wnuk) en 2008. - Estancias como Odont\u00f3loga invitada en el Departamento de Ortodoncia de la Universidad de Frankfurt bajo la direcci\u00f3n del Profesor Kopp en 2008.","protected":false},"author":4,"featured_media":0,"parent":0,"menu_order":0,"comment_status":"closed","ping_status":"closed","template":"","meta":[],"translation":{"provider":"WPGlobus","version":"2.8.11","language":"gb","enabled_languages":["es","gb"],"languages":{"es":{"title":true,"content":true,"excerpt":false},"gb":{"title":false,"content":false,"excerpt":false}}},"aioseo_notices":[],"_links":{"self":[{"href":"https:\/\/clinicadentalbroseta.com\/gb\/wp-json\/wp\/v2\/pages\/3348"}],"collection":[{"href":"https:\/\/clinicadentalbroseta.com\/gb\/wp-json\/wp\/v2\/pages"}],"about":[{"href":"https:\/\/clinicadentalbroseta.com\/gb\/wp-json\/wp\/v2\/types\/page"}],"author":[{"embeddable":true,"href":"https:\/\/clinicadentalbroseta.com\/gb\/wp-json\/wp\/v2\/users\/4"}],"replies":[{"embeddable":true,"href":"https:\/\/clinicadentalbroseta.com\/gb\/wp-json\/wp\/v2\/comments?post=3348"}],"version-history":[{"count":5,"href":"https:\/\/clinicadentalbroseta.com\/gb\/wp-json\/wp\/v2\/pages\/3348\/revisions"}],"predecessor-version":[{"id":3619,"href":"https:\/\/clinicadentalbroseta.com\/gb\/wp-json\/wp\/v2\/pages\/3348\/revisions\/3619"}],"wp:attachment":[{"href":"https:\/\/clinicadentalbroseta.com\/gb\/wp-json\/wp\/v2\/media?parent=3348"}],"curies":[{"name":"wp","href":"https:\/\/api.w.org\/{rel}","templated":true}]}}