{"id":3344,"date":"2016-07-13T19:46:34","date_gmt":"2016-07-13T19:46:34","guid":{"rendered":"http:\/\/clinicadentalbroseta.com\/?page_id=3344"},"modified":"2017-10-22T04:11:03","modified_gmt":"2017-10-22T04:11:03","slug":"maria-luisa-broseta-collado","status":"publish","type":"page","link":"https:\/\/clinicadentalbroseta.com\/gb\/maria-luisa-broseta-collado\/","title":{"rendered":"DRA. MARIA LUISA BROSETA COLLADO"},"content":{"rendered":"<section  class=\"content-section full-width with-col no-padding no-margin\"><div class=\"row vc_row-fluid\"><div class=\"wpb_column vc_column_container col-md-12\"><h2  class=\"section-title mb-70 mb-sm-40 font-alt align-center\" style=\"font-size:30px;\">DRA. MARIA LUISA BROSETA COLLADO<\/h2><h2  class=\"section-title mb-70 mb-sm-40 font-alt align-center\" style=\"font-size:17px;\">N\u00ba Colegiado: 46002888<\/h2><\/div><\/div><\/section><section  class=\"content-section full-width with-col no-padding no-margin\"><div class=\"row vc_row-fluid\"><div class=\"wpb_column vc_column_container col-md-12\"><div class=\"section-text text-block \" ><p style=\"padding-left: 30px\"><strong><a href=\"http:\/\/clinicadentalbroseta.com\/wp-content\/uploads\/2015\/03\/m1.jpg\"><img loading=\"lazy\" class=\"size-medium wp-image-3277 alignleft\" src=\"http:\/\/clinicadentalbroseta.com\/wp-content\/uploads\/2015\/03\/m1-200x300.jpg\" alt=\"m1\" width=\"200\" height=\"300\" \/><\/a><\/strong><\/p>\n<p><strong>Cirujano Oral e Implant\u00f3loga<\/strong><\/p>\n<p>&#8211;\u00a0<strong>Licenciada en Odontolog\u00eda<\/strong> en 2003.<br \/>\n&#8211; <strong>Cirujano Oral<\/strong> por la C\u00e1mara de dentistas de Hessen, Alemania. Feb 2009.<br \/>\nRealizaci\u00f3n de la especialidad como Cirujano Oral en el Departamento de Cirug\u00eda e Implantolog\u00eda del Carolino en \u00a0la Universidad Johann Wolfgang Goethe en Fr\u00e1ncfort del Meno. Feb.2006-Feb.2009.<br \/>\n&#8211; <strong>Cirujano Oral y Colaborador cient\u00edfico<\/strong> del Departamento de Cirug\u00eda e Implantolog\u00eda del Carolino, Universidad J. W. Goethe Fr\u00e1ncfort del Meno. Feb. 2009- Ago. 2010.<br \/>\n&#8211; <strong>Especialista en Implantolog\u00eda<\/strong> reconocido por las Sociedades BDIZ EDI, BDO, DGI,DGZI, DGMKG (Zertifikat T\u00e4tigkeitsschwerpunkt Implantologie) Marzo 2012<\/p>\n<p>&#8211; Desde Sep. 2010 ejerciendo como Cirujano Oral e Implant\u00f3loga en la Cl\u00ednica privada del Dr. Francisco Broseta Prades.<\/p>\n<p>Miembro de las Sociedades:<br \/>\n<strong>DGZMK<\/strong>\u00a0(2008-Dic2014)<strong>:\u00a0<\/strong>Sociedad Alemana de la Ciencia de los dientes, boca y maxilares.\u00a0<u>Visitar web<\/u><br \/>\n<strong>AgKi\u00a0<\/strong>(2008-Dic2014)<strong>:\u00a0<\/strong>Sociedad de trabajo de la Cirug\u00eda de los maxilares .\u00a0<u>Visitar web<\/u><br \/>\n<strong>SECIB<\/strong>\u00a0(2003-actualidad):\u00a0Sociedad Espa\u00f1ola de Cirug\u00eda Bucal.\u00a0<u>Visitar web<\/u><br \/>\n<strong>BDO\u00a0<\/strong>(2009-Dic2014):<strong>\u00a0<\/strong>Sociedad de los Cirujanos Orales alemanes.\u00a0<u>Visitar web<\/u><br \/>\n<strong>EAO<\/strong> Asociaci\u00f3n Europea de Osteointegraci\u00f3n \/European Association for Osseointegration http:\/\/eao.org\/<\/p>\n<p><strong>\u00a0<\/strong><\/p>\n<\/div><\/div><\/div><\/section>\n","protected":false},"excerpt":{"rendered":"DRA. MARIA LUISA BROSETA COLLADON\u00ba Colegiado: 46002888 Cirujano Oral e Implant\u00f3loga -\u00a0Licenciada en Odontolog\u00eda en 2003. - Cirujano Oral por la C\u00e1mara de dentistas de Hessen, Alemania. Feb 2009. Realizaci\u00f3n de la especialidad como Cirujano Oral en el Departamento de Cirug\u00eda e Implantolog\u00eda del Carolino en \u00a0la Universidad Johann Wolfgang Goethe en Fr\u00e1ncfort del Meno.","protected":false},"author":4,"featured_media":0,"parent":0,"menu_order":0,"comment_status":"closed","ping_status":"closed","template":"","meta":[],"translation":{"provider":"WPGlobus","version":"2.8.11","language":"gb","enabled_languages":["es","gb"],"languages":{"es":{"title":true,"content":true,"excerpt":false},"gb":{"title":false,"content":false,"excerpt":false}}},"aioseo_notices":[],"_links":{"self":[{"href":"https:\/\/clinicadentalbroseta.com\/gb\/wp-json\/wp\/v2\/pages\/3344"}],"collection":[{"href":"https:\/\/clinicadentalbroseta.com\/gb\/wp-json\/wp\/v2\/pages"}],"about":[{"href":"https:\/\/clinicadentalbroseta.com\/gb\/wp-json\/wp\/v2\/types\/page"}],"author":[{"embeddable":true,"href":"https:\/\/clinicadentalbroseta.com\/gb\/wp-json\/wp\/v2\/users\/4"}],"replies":[{"embeddable":true,"href":"https:\/\/clinicadentalbroseta.com\/gb\/wp-json\/wp\/v2\/comments?post=3344"}],"version-history":[{"count":10,"href":"https:\/\/clinicadentalbroseta.com\/gb\/wp-json\/wp\/v2\/pages\/3344\/revisions"}],"predecessor-version":[{"id":3626,"href":"https:\/\/clinicadentalbroseta.com\/gb\/wp-json\/wp\/v2\/pages\/3344\/revisions\/3626"}],"wp:attachment":[{"href":"https:\/\/clinicadentalbroseta.com\/gb\/wp-json\/wp\/v2\/media?parent=3344"}],"curies":[{"name":"wp","href":"https:\/\/api.w.org\/{rel}","templated":true}]}}