{"id":3333,"date":"2016-07-11T15:24:27","date_gmt":"2016-07-11T15:24:27","guid":{"rendered":"http:\/\/clinicadentalbroseta.com\/?page_id=3333"},"modified":"2016-12-30T13:42:45","modified_gmt":"2016-12-30T13:42:45","slug":"francisco-broseta","status":"publish","type":"page","link":"https:\/\/clinicadentalbroseta.com\/gb\/francisco-broseta\/","title":{"rendered":"DR. FRANCISCO BROSETA PRADES"},"content":{"rendered":"<section  class=\"content-section full-width with-col no-padding no-margin\"><div class=\"row vc_row-fluid\"><div class=\"wpb_column vc_column_container col-md-12\"><h2  class=\"section-title mb-70 mb-sm-40 font-alt align-center\" style=\"font-size:30PX;\">DR. FRANCISCO BROSETA PRADES<\/h2><h2  class=\"section-title mb-70 mb-sm-40 font-alt align-center\" style=\"font-size:17px;\">N\u00ba Colegiado: 46000811<\/h2><\/div><\/div><\/section><section  class=\"content-section full-width with-col no-padding no-margin\"><div class=\"row vc_row-fluid\"><div class=\"wpb_column vc_column_container col-md-12\"><div class=\"section-text text-block \" ><p><a href=\"http:\/\/clinicadentalbroseta.com\/wp-content\/uploads\/2015\/03\/ff1.jpg\"><img loading=\"lazy\" class=\"size-medium wp-image-3275 alignleft\" src=\"http:\/\/clinicadentalbroseta.com\/wp-content\/uploads\/2015\/03\/ff1-200x300.jpg\" alt=\"ff1\" width=\"200\" height=\"300\" \/><\/a><\/p>\n<p style=\"padding-left: 150px\"><strong>Licenciado en Medicina y Cirug\u00eda<\/strong> por la Universidad de Valencia 1976.<\/p>\n<p style=\"padding-left: 150px\"><strong>Especialista en Estomatolog\u00eda<\/strong> por la Universidad de Madrid 1979.<\/p>\n<p style=\"padding-left: 150px\">Pr\u00e1ctica Privada en Odontolog\u00eda general, Pr\u00f3tesis y Cirug\u00eda Dental en Valencia y Cheste desde 1980.<\/p>\n<\/div><\/div><\/div><\/section>\n","protected":false},"excerpt":{"rendered":"DR. FRANCISCO BROSETA PRADESN\u00ba Colegiado: 46000811 Licenciado en Medicina y Cirug\u00eda por la Universidad de Valencia 1976. Especialista en Estomatolog\u00eda por la Universidad de Madrid 1979. Pr\u00e1ctica Privada en Odontolog\u00eda general, Pr\u00f3tesis y Cirug\u00eda Dental en Valencia y Cheste desde 1980.","protected":false},"author":4,"featured_media":0,"parent":0,"menu_order":0,"comment_status":"closed","ping_status":"closed","template":"","meta":[],"translation":{"provider":"WPGlobus","version":"2.8.11","language":"gb","enabled_languages":["es","gb"],"languages":{"es":{"title":true,"content":true,"excerpt":false},"gb":{"title":false,"content":false,"excerpt":false}}},"aioseo_notices":[],"_links":{"self":[{"href":"https:\/\/clinicadentalbroseta.com\/gb\/wp-json\/wp\/v2\/pages\/3333"}],"collection":[{"href":"https:\/\/clinicadentalbroseta.com\/gb\/wp-json\/wp\/v2\/pages"}],"about":[{"href":"https:\/\/clinicadentalbroseta.com\/gb\/wp-json\/wp\/v2\/types\/page"}],"author":[{"embeddable":true,"href":"https:\/\/clinicadentalbroseta.com\/gb\/wp-json\/wp\/v2\/users\/4"}],"replies":[{"embeddable":true,"href":"https:\/\/clinicadentalbroseta.com\/gb\/wp-json\/wp\/v2\/comments?post=3333"}],"version-history":[{"count":11,"href":"https:\/\/clinicadentalbroseta.com\/gb\/wp-json\/wp\/v2\/pages\/3333\/revisions"}],"predecessor-version":[{"id":3617,"href":"https:\/\/clinicadentalbroseta.com\/gb\/wp-json\/wp\/v2\/pages\/3333\/revisions\/3617"}],"wp:attachment":[{"href":"https:\/\/clinicadentalbroseta.com\/gb\/wp-json\/wp\/v2\/media?parent=3333"}],"curies":[{"name":"wp","href":"https:\/\/api.w.org\/{rel}","templated":true}]}}