{"id":3303,"date":"2016-07-05T22:12:32","date_gmt":"2016-07-05T22:12:32","guid":{"rendered":"http:\/\/clinicadentalbroseta.com\/?page_id=3303"},"modified":"2016-07-07T05:32:59","modified_gmt":"2016-07-07T05:32:59","slug":"blanqueamiento","status":"publish","type":"page","link":"https:\/\/clinicadentalbroseta.com\/gb\/blanqueamiento\/","title":{"rendered":"Blanqueamiento"},"content":{"rendered":"<section  class=\"content-section full-width with-col custom-padding no-margin content-section-69e5c3806bc19\"><div class=\"row vc_row-fluid\"><div class=\"wpb_column vc_column_container col-md-12\"><div class=\"section-text text-block \" ><p>Los dientes tienden, con el tiempo, a decolorarse por la acci\u00f3n de colorantes alimenticios contenidos en caf\u00e9, t\u00e9 y algunas especias y por exposici\u00f3n al humo del tabaco. Dichas coloraciones pueden compensarse usando determinadas t\u00e9cnicas y productos que aclaran y blanquean los dientes. Incluso las coloraciones m\u00e1s profundas y acusadas pueden llegar a compensarse con una o varias sesiones de blanqueamiento en la mayor\u00eda de los casos.<\/p>\n<p>Estas t\u00e9cnicas pueden aplicarse a todos los dientes visibles o a un diente aislado que se haya decolorado por alg\u00fan motivo (fracturas, endodoncias, etc).<\/p>\n<p>Actualmente, y gracias a las t\u00e9cnicas y materiales m\u00e1s modernos, podemos realizar blanqueamientos en la mayor\u00eda de los casos sin que se produzcan sensibilidades.<\/p>\n<\/div><\/div><\/div><\/section>\n","protected":false},"excerpt":{"rendered":"Los dientes tienden, con el tiempo, a decolorarse por la acci\u00f3n de colorantes alimenticios contenidos en caf\u00e9, t\u00e9 y algunas especias y por exposici\u00f3n al humo del tabaco. Dichas coloraciones pueden compensarse usando determinadas t\u00e9cnicas y productos que aclaran y blanquean los dientes. Incluso las coloraciones m\u00e1s profundas y acusadas pueden llegar a compensarse con","protected":false},"author":4,"featured_media":0,"parent":0,"menu_order":0,"comment_status":"open","ping_status":"closed","template":"","meta":[],"translation":{"provider":"WPGlobus","version":"2.8.11","language":"gb","enabled_languages":["es","gb"],"languages":{"es":{"title":true,"content":true,"excerpt":false},"gb":{"title":false,"content":false,"excerpt":false}}},"aioseo_notices":[],"_links":{"self":[{"href":"https:\/\/clinicadentalbroseta.com\/gb\/wp-json\/wp\/v2\/pages\/3303"}],"collection":[{"href":"https:\/\/clinicadentalbroseta.com\/gb\/wp-json\/wp\/v2\/pages"}],"about":[{"href":"https:\/\/clinicadentalbroseta.com\/gb\/wp-json\/wp\/v2\/types\/page"}],"author":[{"embeddable":true,"href":"https:\/\/clinicadentalbroseta.com\/gb\/wp-json\/wp\/v2\/users\/4"}],"replies":[{"embeddable":true,"href":"https:\/\/clinicadentalbroseta.com\/gb\/wp-json\/wp\/v2\/comments?post=3303"}],"version-history":[{"count":1,"href":"https:\/\/clinicadentalbroseta.com\/gb\/wp-json\/wp\/v2\/pages\/3303\/revisions"}],"predecessor-version":[{"id":3305,"href":"https:\/\/clinicadentalbroseta.com\/gb\/wp-json\/wp\/v2\/pages\/3303\/revisions\/3305"}],"wp:attachment":[{"href":"https:\/\/clinicadentalbroseta.com\/gb\/wp-json\/wp\/v2\/media?parent=3303"}],"curies":[{"name":"wp","href":"https:\/\/api.w.org\/{rel}","templated":true}]}}