{"id":3302,"date":"2016-07-05T22:11:34","date_gmt":"2016-07-05T22:11:34","guid":{"rendered":"http:\/\/clinicadentalbroseta.com\/?page_id=3302"},"modified":"2016-12-11T17:25:30","modified_gmt":"2016-12-11T17:25:30","slug":"cirugia-oral","status":"publish","type":"page","link":"https:\/\/clinicadentalbroseta.com\/gb\/cirugia-oral\/","title":{"rendered":"Cirug\u00eda oral"},"content":{"rendered":"<section  class=\"content-section full-width with-col custom-padding no-margin content-section-69e5ab5908e05\"><div class=\"row vc_row-fluid\"><div class=\"wpb_column vc_column_container col-md-12\"><div class=\"section-text text-block \" ><p>El \u00e1rea de <strong>Cirug\u00eda Oral<\/strong> e <strong>Implantolog\u00eda<\/strong> de la Cl\u00ednica Dental BROSETA esta dirigido por la <strong>Dra. Maria Luisa Broseta Collado<\/strong>. Ella se encarga del diagn\u00f3stico y tratamiento de las enfermedades de los maxilares, de los tejidos blandos adyacentes, de los traumatismos y la ausencia de dientes que requieran intervenci\u00f3n quir\u00fargica.<\/p>\n<p>Estudiar\u00e1 su caso en profundidad y mediante pruebas diagn\u00f3sticas cl\u00ednicas y radiol\u00f3gicas de \u00faltima generaci\u00f3n le expondr\u00e1 las posibles soluciones.<\/p>\n<p>Algunas de las Intervenciones m\u00e1s frecuentes son:<\/p>\n<ul>\n<li>Extracci\u00f3n de cordales o muelas del juicio.<\/li>\n<li>Extracciones dentarias complejas.<\/li>\n<li>Cirug\u00eda preprot\u00e9sica.<\/li>\n<li>Cirug\u00eda periodontal.<\/li>\n<li>Cirug\u00eda de los frenillos.<\/li>\n<li>Implantolog\u00eda. <a href=\"http:\/\/clinicadentalbroseta.com\/implantologia-2\/\">Ver m\u00e1s<\/a><\/li>\n<\/ul>\n<\/div><\/div><\/div><\/section>\n","protected":false},"excerpt":{"rendered":"El \u00e1rea de Cirug\u00eda Oral e Implantolog\u00eda de la Cl\u00ednica Dental BROSETA esta dirigido por la Dra. Maria Luisa Broseta Collado. Ella se encarga del diagn\u00f3stico y tratamiento de las enfermedades de los maxilares, de los tejidos blandos adyacentes, de los traumatismos y la ausencia de dientes que requieran intervenci\u00f3n quir\u00fargica. Estudiar\u00e1 su caso en","protected":false},"author":4,"featured_media":0,"parent":0,"menu_order":0,"comment_status":"open","ping_status":"closed","template":"","meta":[],"translation":{"provider":"WPGlobus","version":"2.8.11","language":"gb","enabled_languages":["es","gb"],"languages":{"es":{"title":true,"content":true,"excerpt":false},"gb":{"title":false,"content":false,"excerpt":false}}},"aioseo_notices":[],"_links":{"self":[{"href":"https:\/\/clinicadentalbroseta.com\/gb\/wp-json\/wp\/v2\/pages\/3302"}],"collection":[{"href":"https:\/\/clinicadentalbroseta.com\/gb\/wp-json\/wp\/v2\/pages"}],"about":[{"href":"https:\/\/clinicadentalbroseta.com\/gb\/wp-json\/wp\/v2\/types\/page"}],"author":[{"embeddable":true,"href":"https:\/\/clinicadentalbroseta.com\/gb\/wp-json\/wp\/v2\/users\/4"}],"replies":[{"embeddable":true,"href":"https:\/\/clinicadentalbroseta.com\/gb\/wp-json\/wp\/v2\/comments?post=3302"}],"version-history":[{"count":3,"href":"https:\/\/clinicadentalbroseta.com\/gb\/wp-json\/wp\/v2\/pages\/3302\/revisions"}],"predecessor-version":[{"id":3521,"href":"https:\/\/clinicadentalbroseta.com\/gb\/wp-json\/wp\/v2\/pages\/3302\/revisions\/3521"}],"wp:attachment":[{"href":"https:\/\/clinicadentalbroseta.com\/gb\/wp-json\/wp\/v2\/media?parent=3302"}],"curies":[{"name":"wp","href":"https:\/\/api.w.org\/{rel}","templated":true}]}}