{"id":3300,"date":"2016-07-05T22:08:39","date_gmt":"2016-07-05T22:08:39","guid":{"rendered":"http:\/\/clinicadentalbroseta.com\/?page_id=3300"},"modified":"2016-07-07T05:57:15","modified_gmt":"2016-07-07T05:57:15","slug":"periodoncia","status":"publish","type":"page","link":"https:\/\/clinicadentalbroseta.com\/gb\/periodoncia\/","title":{"rendered":"Periodoncia"},"content":{"rendered":"<section  class=\"content-section full-width with-col custom-padding no-margin content-section-69e5ab78e8e3f\"><div class=\"row vc_row-fluid\"><div class=\"wpb_column vc_column_container col-md-12\"><div class=\"section-text text-block \" ><p>La periodoncia es la especialidad de la Odontolog\u00eda que estudia la prevenci\u00f3n, diagn\u00f3stico y tratamiento de las enfermedades de los tejidos de sost\u00e9n del diente. Para mantener los dientes el m\u00e1ximo tiempo posible en boca no es suficiente con restaurar los dientes careados, sino que tenemos que prestar mucha atenci\u00f3n a nuestras enc\u00edas.<\/p>\n<p>Muchas personas pierden dientes sanos, porque los tejidos de sost\u00e9n del diente est\u00e1n enfermos y son incapaces de sujetar el diente y soportar las fuerzas de la masticaci\u00f3n.<\/p>\n<p>Para que esto no suceda hay que hacer controles cl\u00ednicos y radiol\u00f3gicos peri\u00f3dicos que permiten diagnosticar la Enfermedad Periodontal.<\/p>\n<p>Una vez diagnosticada, el paciente deber\u00e1 someterse al tratamiento adecuado (curetajes, raspados radiculares, gingivectom\u00edas, etc.) con el fin de frenar el proceso de p\u00e9rdida del tejido de sost\u00e9n del diente.<\/p>\n<p>Este tratamiento y una correcta higiene dental diaria ser\u00e1 la combinaci\u00f3n perfecta para mantener sus dientes y enc\u00edas sanos. El equipo de profesionales de Cl\u00ednica Dental BROSETA le ayudara a mantener en buen estado de salud su boca, retrasando la perdida de sus dientes el m\u00e1ximo tiempo posible.<\/p>\n<\/div><\/div><\/div><\/section>\n","protected":false},"excerpt":{"rendered":"La periodoncia es la especialidad de la Odontolog\u00eda que estudia la prevenci\u00f3n, diagn\u00f3stico y tratamiento de las enfermedades de los tejidos de sost\u00e9n del diente. Para mantener los dientes el m\u00e1ximo tiempo posible en boca no es suficiente con restaurar los dientes careados, sino que tenemos que prestar mucha atenci\u00f3n a nuestras enc\u00edas. Muchas personas","protected":false},"author":4,"featured_media":0,"parent":0,"menu_order":0,"comment_status":"open","ping_status":"closed","template":"","meta":[],"translation":{"provider":"WPGlobus","version":"2.8.11","language":"gb","enabled_languages":["es","gb"],"languages":{"es":{"title":true,"content":true,"excerpt":false},"gb":{"title":false,"content":false,"excerpt":false}}},"aioseo_notices":[],"_links":{"self":[{"href":"https:\/\/clinicadentalbroseta.com\/gb\/wp-json\/wp\/v2\/pages\/3300"}],"collection":[{"href":"https:\/\/clinicadentalbroseta.com\/gb\/wp-json\/wp\/v2\/pages"}],"about":[{"href":"https:\/\/clinicadentalbroseta.com\/gb\/wp-json\/wp\/v2\/types\/page"}],"author":[{"embeddable":true,"href":"https:\/\/clinicadentalbroseta.com\/gb\/wp-json\/wp\/v2\/users\/4"}],"replies":[{"embeddable":true,"href":"https:\/\/clinicadentalbroseta.com\/gb\/wp-json\/wp\/v2\/comments?post=3300"}],"version-history":[{"count":1,"href":"https:\/\/clinicadentalbroseta.com\/gb\/wp-json\/wp\/v2\/pages\/3300\/revisions"}],"predecessor-version":[{"id":3301,"href":"https:\/\/clinicadentalbroseta.com\/gb\/wp-json\/wp\/v2\/pages\/3300\/revisions\/3301"}],"wp:attachment":[{"href":"https:\/\/clinicadentalbroseta.com\/gb\/wp-json\/wp\/v2\/media?parent=3300"}],"curies":[{"name":"wp","href":"https:\/\/api.w.org\/{rel}","templated":true}]}}