{"id":3298,"date":"2016-07-05T22:07:28","date_gmt":"2016-07-05T22:07:28","guid":{"rendered":"http:\/\/clinicadentalbroseta.com\/?page_id=3298"},"modified":"2016-12-11T17:41:18","modified_gmt":"2016-12-11T17:41:18","slug":"protesis-y-rehabilitacion-oral","status":"publish","type":"page","link":"https:\/\/clinicadentalbroseta.com\/gb\/protesis-y-rehabilitacion-oral\/","title":{"rendered":"Pr\u00f3tesis y Rehabilitaci\u00f3n Oral"},"content":{"rendered":"<section  class=\"content-section full-width with-col custom-padding no-margin content-section-69e5b03fa965b\"><div class=\"row vc_row-fluid\"><div class=\"wpb_column vc_column_container col-md-12\"><div class=\"section-text text-block \" ><p>El \u00e1rea de Pr\u00f3tesis y Rehabilitaci\u00f3n Oral de Cl\u00ednica Dental BROSETA est\u00e1 dirigida por nuestros 3 doctores Dr. Francisco Broseta Prades, Dra. Mar\u00eda Luisa Broseta Collado y Dr. Francisco\u00a0Broseta Collado.<br \/>\nLa p\u00e9rdida de uno o varios dientes afecta severamente la funci\u00f3n masticatoria y en muchas ocasiones tambi\u00e9n la est\u00e9tica y el habla.<\/p>\n<p>Nuestro equipo se encarga de restaurar la ausencia de uno o varios dientes mediante pr\u00f3tesis fija o removible proporcion\u00e1ndole confort, mejoras est\u00e9ticas y funcionales.<\/p>\n<p>La est\u00e9tica ya no supone un problema a la hora de ponerse aparatos dentales, ya que contamos con las m\u00e1s avanzadas t\u00e9cnicas de restauraci\u00f3n prot\u00e9sica para que sonr\u00eda sin complejos.<\/p>\n<p>El desarrollo tecnol\u00f3gico pone a nuestra disposici\u00f3n materiales altamente est\u00e9ticos como por ejemplo el \u00d3xido de Zirconio.<\/p>\n<p>En Cl\u00ednica dental BROSETA le ofrecemos las soluciones m\u00e1s est\u00e9ticas y modernas.<\/p>\n<\/div><\/div><\/div><\/section>\n","protected":false},"excerpt":{"rendered":"El \u00e1rea de Pr\u00f3tesis y Rehabilitaci\u00f3n Oral de Cl\u00ednica Dental BROSETA est\u00e1 dirigida por nuestros 3 doctores Dr. Francisco Broseta Prades, Dra. Mar\u00eda Luisa Broseta Collado y Dr. Francisco\u00a0Broseta Collado. La p\u00e9rdida de uno o varios dientes afecta severamente la funci\u00f3n masticatoria y en muchas ocasiones tambi\u00e9n la est\u00e9tica y el habla. Nuestro equipo se","protected":false},"author":4,"featured_media":0,"parent":0,"menu_order":0,"comment_status":"open","ping_status":"closed","template":"","meta":[],"translation":{"provider":"WPGlobus","version":"2.8.11","language":"gb","enabled_languages":["es","gb"],"languages":{"es":{"title":true,"content":true,"excerpt":false},"gb":{"title":false,"content":false,"excerpt":false}}},"aioseo_notices":[],"_links":{"self":[{"href":"https:\/\/clinicadentalbroseta.com\/gb\/wp-json\/wp\/v2\/pages\/3298"}],"collection":[{"href":"https:\/\/clinicadentalbroseta.com\/gb\/wp-json\/wp\/v2\/pages"}],"about":[{"href":"https:\/\/clinicadentalbroseta.com\/gb\/wp-json\/wp\/v2\/types\/page"}],"author":[{"embeddable":true,"href":"https:\/\/clinicadentalbroseta.com\/gb\/wp-json\/wp\/v2\/users\/4"}],"replies":[{"embeddable":true,"href":"https:\/\/clinicadentalbroseta.com\/gb\/wp-json\/wp\/v2\/comments?post=3298"}],"version-history":[{"count":4,"href":"https:\/\/clinicadentalbroseta.com\/gb\/wp-json\/wp\/v2\/pages\/3298\/revisions"}],"predecessor-version":[{"id":3523,"href":"https:\/\/clinicadentalbroseta.com\/gb\/wp-json\/wp\/v2\/pages\/3298\/revisions\/3523"}],"wp:attachment":[{"href":"https:\/\/clinicadentalbroseta.com\/gb\/wp-json\/wp\/v2\/media?parent=3298"}],"curies":[{"name":"wp","href":"https:\/\/api.w.org\/{rel}","templated":true}]}}