{"id":3296,"date":"2016-07-05T22:06:12","date_gmt":"2016-07-05T22:06:12","guid":{"rendered":"http:\/\/clinicadentalbroseta.com\/?page_id=3296"},"modified":"2016-10-31T23:01:48","modified_gmt":"2016-10-31T23:01:48","slug":"radiologia-digital","status":"publish","type":"page","link":"https:\/\/clinicadentalbroseta.com\/gb\/radiologia-digital\/","title":{"rendered":"Radiolog\u00eda digital"},"content":{"rendered":"<section  class=\"content-section full-width with-col custom-padding no-margin content-section-69e5ab3f77b0a\"><div class=\"row vc_row-fluid\"><div class=\"wpb_column vc_column_container col-md-12\"><div class=\"section-text text-block \" ><p>Nos complace comunicarte que en la Clinica dental Broseta estamos equipados con radiolog\u00eda digital. La mayor de las ventajas frente a la radiolog\u00eda convencional es que esta tecnolog\u00eda tiene<\/p>\n<ul>\n<li>menor dosis de radiaciones para el paciente.<\/li>\n<li>menor cantidad de material contaminante.<\/li>\n<\/ul>\n<p>Adem\u00e1s, el alto contraste de las im\u00e1genes digitales facilita el diagn\u00f3stico por parte de la persona encargada de realizarlo y permite el env\u00edo de las im\u00e1genes en archivos por Internet. Si quieres ampliar la informaci\u00f3n acerca de nuestro equipamiento radiol\u00f3gico visita el siguiente enlace: <a href=\"http:\/\/www.sirona.com\/es\/productos\/sistemas-radiologicos\/orthophos-xg-5\">M\u00e1s info<\/a><\/p>\n<\/div><\/div><\/div><\/section>\n","protected":false},"excerpt":{"rendered":"Nos complace comunicarte que en la Clinica dental Broseta estamos equipados con radiolog\u00eda digital. La mayor de las ventajas frente a la radiolog\u00eda convencional es que esta tecnolog\u00eda tiene menor dosis de radiaciones para el paciente. menor cantidad de material contaminante. Adem\u00e1s, el alto contraste de las im\u00e1genes digitales facilita el diagn\u00f3stico por parte de","protected":false},"author":4,"featured_media":0,"parent":0,"menu_order":0,"comment_status":"open","ping_status":"closed","template":"","meta":[],"translation":{"provider":"WPGlobus","version":"2.8.11","language":"gb","enabled_languages":["es","gb"],"languages":{"es":{"title":true,"content":true,"excerpt":false},"gb":{"title":false,"content":false,"excerpt":false}}},"aioseo_notices":[],"_links":{"self":[{"href":"https:\/\/clinicadentalbroseta.com\/gb\/wp-json\/wp\/v2\/pages\/3296"}],"collection":[{"href":"https:\/\/clinicadentalbroseta.com\/gb\/wp-json\/wp\/v2\/pages"}],"about":[{"href":"https:\/\/clinicadentalbroseta.com\/gb\/wp-json\/wp\/v2\/types\/page"}],"author":[{"embeddable":true,"href":"https:\/\/clinicadentalbroseta.com\/gb\/wp-json\/wp\/v2\/users\/4"}],"replies":[{"embeddable":true,"href":"https:\/\/clinicadentalbroseta.com\/gb\/wp-json\/wp\/v2\/comments?post=3296"}],"version-history":[{"count":1,"href":"https:\/\/clinicadentalbroseta.com\/gb\/wp-json\/wp\/v2\/pages\/3296\/revisions"}],"predecessor-version":[{"id":3297,"href":"https:\/\/clinicadentalbroseta.com\/gb\/wp-json\/wp\/v2\/pages\/3296\/revisions\/3297"}],"wp:attachment":[{"href":"https:\/\/clinicadentalbroseta.com\/gb\/wp-json\/wp\/v2\/media?parent=3296"}],"curies":[{"name":"wp","href":"https:\/\/api.w.org\/{rel}","templated":true}]}}