{"id":3294,"date":"2016-07-05T22:04:21","date_gmt":"2016-07-05T22:04:21","guid":{"rendered":"http:\/\/clinicadentalbroseta.com\/?page_id=3294"},"modified":"2016-12-11T17:23:52","modified_gmt":"2016-12-11T17:23:52","slug":"anestesia","status":"publish","type":"page","link":"https:\/\/clinicadentalbroseta.com\/gb\/anestesia\/","title":{"rendered":"Anestesia \/ Sedaci\u00f3n"},"content":{"rendered":"<section  class=\"content-section full-width with-col custom-padding no-margin content-section-69e5ab59afe9b\"><div class=\"row vc_row-fluid\"><div class=\"wpb_column vc_column_container col-md-12\"><div class=\"section-text text-block \" ><p>En los casos en que la sesi\u00f3n cl\u00ednica es larga y pesada o bien las caracter\u00edsticas especiales del paciente lo aconsejan, podemos recurrir a la <strong>sedaci\u00f3n<\/strong> o incluso a la <strong>anestesia<\/strong> general.<br \/>\nLa t\u00e9cnica de <strong>sedaci\u00f3n<\/strong> permite disminuir la tensi\u00f3n y ansiedad de los pacientes en la cl\u00ednica dental facilitando la realizaci\u00f3n de determinados tratamientos.<br \/>\nLa <strong>anestesia<\/strong> general solo est\u00e1 indicada en casos muy concretos y la realizara un <strong>anestesista<\/strong>.<\/p>\n<p>Tanto una como otra se puede utilizar con pacientes sindr\u00f3micos, ni\u00f1os con caries rampantes y m\u00faltiples afectaciones dentales que no se dejan tratar, pacientes con miedo incontrolable al dentista y que precisan urgentemente solucionar sus<strong> problemas dentales<\/strong>.<\/p>\n<p>La <strong>sedaci\u00f3n<\/strong> consciente es capaz de ajustar de manera c\u00f3moda una amnesia y analgesia adecuada junto con un nivel de conciencia que permita responder \u00f3rdenes sencillas (abra la boca, girar la cabeza, \u2026) sin que se afecte en ning\u00fan momento el bienestar ni la seguridad del paciente. Adem\u00e1s, la cooperaci\u00f3n del paciente durante el procedimiento proporciona las condiciones necesarias para que el odont\u00f3logo realice su tarea con m\u00e1s agilidad y rapidez.<\/p>\n<\/div><\/div><\/div><\/section>\n","protected":false},"excerpt":{"rendered":"En los casos en que la sesi\u00f3n cl\u00ednica es larga y pesada o bien las caracter\u00edsticas especiales del paciente lo aconsejan, podemos recurrir a la sedaci\u00f3n o incluso a la anestesia general. La t\u00e9cnica de sedaci\u00f3n permite disminuir la tensi\u00f3n y ansiedad de los pacientes en la cl\u00ednica dental facilitando la realizaci\u00f3n de determinados tratamientos.","protected":false},"author":4,"featured_media":0,"parent":0,"menu_order":0,"comment_status":"open","ping_status":"closed","template":"","meta":[],"translation":{"provider":"WPGlobus","version":"2.8.11","language":"gb","enabled_languages":["es","gb"],"languages":{"es":{"title":true,"content":true,"excerpt":false},"gb":{"title":false,"content":false,"excerpt":false}}},"aioseo_notices":[],"_links":{"self":[{"href":"https:\/\/clinicadentalbroseta.com\/gb\/wp-json\/wp\/v2\/pages\/3294"}],"collection":[{"href":"https:\/\/clinicadentalbroseta.com\/gb\/wp-json\/wp\/v2\/pages"}],"about":[{"href":"https:\/\/clinicadentalbroseta.com\/gb\/wp-json\/wp\/v2\/types\/page"}],"author":[{"embeddable":true,"href":"https:\/\/clinicadentalbroseta.com\/gb\/wp-json\/wp\/v2\/users\/4"}],"replies":[{"embeddable":true,"href":"https:\/\/clinicadentalbroseta.com\/gb\/wp-json\/wp\/v2\/comments?post=3294"}],"version-history":[{"count":4,"href":"https:\/\/clinicadentalbroseta.com\/gb\/wp-json\/wp\/v2\/pages\/3294\/revisions"}],"predecessor-version":[{"id":3520,"href":"https:\/\/clinicadentalbroseta.com\/gb\/wp-json\/wp\/v2\/pages\/3294\/revisions\/3520"}],"wp:attachment":[{"href":"https:\/\/clinicadentalbroseta.com\/gb\/wp-json\/wp\/v2\/media?parent=3294"}],"curies":[{"name":"wp","href":"https:\/\/api.w.org\/{rel}","templated":true}]}}