{"id":2896,"date":"2015-06-30T13:43:10","date_gmt":"2015-06-30T13:43:10","guid":{"rendered":"http:\/\/clinicadentalbroseta.com\/?page_id=2896"},"modified":"2016-12-11T17:29:53","modified_gmt":"2016-12-11T17:29:53","slug":"estetica-dental","status":"publish","type":"page","link":"https:\/\/clinicadentalbroseta.com\/gb\/estetica-dental\/","title":{"rendered":"Est\u00e9tica Dental"},"content":{"rendered":"<section  class=\"content-section full-width with-col custom-padding no-margin content-section-69e5ab92b016f\"><div class=\"row vc_row-fluid\"><div class=\"wpb_column vc_column_container col-md-12\"><div class=\"section-text text-block \" ><p>Hoy en d\u00eda no s\u00f3lo deseamos una boca sana, sino tambi\u00e9n una bonita sonrisa. Gracias a tratamientos como la Ortodoncia, el Blanqueamiento dental, los Empastes est\u00e9ticos y la Pr\u00f3tesis de alta est\u00e9tica podemos conseguirlo.<\/p>\n<p>Nos comprometemos a estudiar su caso y darle la soluci\u00f3n m\u00e1s completa y est\u00e9tica posible.<\/p>\n<\/div><\/div><\/div><\/section>\n","protected":false},"excerpt":{"rendered":"Hoy en d\u00eda no s\u00f3lo deseamos una boca sana, sino tambi\u00e9n una bonita sonrisa. Gracias a tratamientos como la Ortodoncia, el Blanqueamiento dental, los Empastes est\u00e9ticos y la Pr\u00f3tesis de alta est\u00e9tica podemos conseguirlo. Nos comprometemos a estudiar su caso y darle la soluci\u00f3n m\u00e1s completa y est\u00e9tica posible.","protected":false},"author":3,"featured_media":0,"parent":0,"menu_order":0,"comment_status":"open","ping_status":"closed","template":"","meta":[],"translation":{"provider":"WPGlobus","version":"2.8.11","language":"gb","enabled_languages":["es","gb"],"languages":{"es":{"title":true,"content":true,"excerpt":false},"gb":{"title":false,"content":false,"excerpt":false}}},"aioseo_notices":[],"_links":{"self":[{"href":"https:\/\/clinicadentalbroseta.com\/gb\/wp-json\/wp\/v2\/pages\/2896"}],"collection":[{"href":"https:\/\/clinicadentalbroseta.com\/gb\/wp-json\/wp\/v2\/pages"}],"about":[{"href":"https:\/\/clinicadentalbroseta.com\/gb\/wp-json\/wp\/v2\/types\/page"}],"author":[{"embeddable":true,"href":"https:\/\/clinicadentalbroseta.com\/gb\/wp-json\/wp\/v2\/users\/3"}],"replies":[{"embeddable":true,"href":"https:\/\/clinicadentalbroseta.com\/gb\/wp-json\/wp\/v2\/comments?post=2896"}],"version-history":[{"count":5,"href":"https:\/\/clinicadentalbroseta.com\/gb\/wp-json\/wp\/v2\/pages\/2896\/revisions"}],"predecessor-version":[{"id":3406,"href":"https:\/\/clinicadentalbroseta.com\/gb\/wp-json\/wp\/v2\/pages\/2896\/revisions\/3406"}],"wp:attachment":[{"href":"https:\/\/clinicadentalbroseta.com\/gb\/wp-json\/wp\/v2\/media?parent=2896"}],"curies":[{"name":"wp","href":"https:\/\/api.w.org\/{rel}","templated":true}]}}