{"id":2894,"date":"2015-06-30T13:30:52","date_gmt":"2015-06-30T13:30:52","guid":{"rendered":"http:\/\/clinicadentalbroseta.com\/?page_id=2894"},"modified":"2016-07-07T05:50:59","modified_gmt":"2016-07-07T05:50:59","slug":"odontopediatria","status":"publish","type":"page","link":"https:\/\/clinicadentalbroseta.com\/gb\/odontopediatria\/","title":{"rendered":"Odontopediatr\u00eda"},"content":{"rendered":"<section  class=\"content-section full-width with-col custom-padding no-margin content-section-69e5aba6f1051\"><div class=\"row vc_row-fluid\"><div class=\"wpb_column vc_column_container col-md-12\"><div class=\"section-text text-block \" ><p>El \u00e1rea de Odontopediatr\u00eda de Cl\u00ednica Dental BROSETA est\u00e1 dirigida por la Dra. Laura Broseta Collado. Nuestro equipo se encarga de tratar los dientes temporales y permanentes de los ni\u00f1os que acuden a nuestras cl\u00ednicas.<\/p>\n<p>Es aconsejable revisar a los ni\u00f1os desde el primer diente que asoma en boca. A los 3 a\u00f1os ya deber\u00edan tener todos los dientes temporales. Se aconseja realizar visitas peri\u00f3dicas de control. De ese modo el ni\u00f1o se familiariza con la figura del dentista y se puede detectar precozmente cualquier patolog\u00eda como posibles anomal\u00edas esquel\u00e9ticas, malos h\u00e1bitos, caries dental, fallos en las t\u00e9cnicas de higiene, etc.<\/p>\n<\/div><\/div><\/div><\/section>\n","protected":false},"excerpt":{"rendered":"El \u00e1rea de Odontopediatr\u00eda de Cl\u00ednica Dental BROSETA est\u00e1 dirigida por la Dra. Laura Broseta Collado. Nuestro equipo se encarga de tratar los dientes temporales y permanentes de los ni\u00f1os que acuden a nuestras cl\u00ednicas. Es aconsejable revisar a los ni\u00f1os desde el primer diente que asoma en boca. A los 3 a\u00f1os ya deber\u00edan","protected":false},"author":3,"featured_media":0,"parent":0,"menu_order":0,"comment_status":"open","ping_status":"closed","template":"","meta":[],"translation":{"provider":"WPGlobus","version":"2.8.11","language":"gb","enabled_languages":["es","gb"],"languages":{"es":{"title":true,"content":true,"excerpt":false},"gb":{"title":false,"content":false,"excerpt":false}}},"aioseo_notices":[],"_links":{"self":[{"href":"https:\/\/clinicadentalbroseta.com\/gb\/wp-json\/wp\/v2\/pages\/2894"}],"collection":[{"href":"https:\/\/clinicadentalbroseta.com\/gb\/wp-json\/wp\/v2\/pages"}],"about":[{"href":"https:\/\/clinicadentalbroseta.com\/gb\/wp-json\/wp\/v2\/types\/page"}],"author":[{"embeddable":true,"href":"https:\/\/clinicadentalbroseta.com\/gb\/wp-json\/wp\/v2\/users\/3"}],"replies":[{"embeddable":true,"href":"https:\/\/clinicadentalbroseta.com\/gb\/wp-json\/wp\/v2\/comments?post=2894"}],"version-history":[{"count":2,"href":"https:\/\/clinicadentalbroseta.com\/gb\/wp-json\/wp\/v2\/pages\/2894\/revisions"}],"predecessor-version":[{"id":3292,"href":"https:\/\/clinicadentalbroseta.com\/gb\/wp-json\/wp\/v2\/pages\/2894\/revisions\/3292"}],"wp:attachment":[{"href":"https:\/\/clinicadentalbroseta.com\/gb\/wp-json\/wp\/v2\/media?parent=2894"}],"curies":[{"name":"wp","href":"https:\/\/api.w.org\/{rel}","templated":true}]}}