{"id":2890,"date":"2015-06-30T12:08:13","date_gmt":"2015-06-30T12:08:13","guid":{"rendered":"http:\/\/clinicadentalbroseta.com\/?page_id=2890"},"modified":"2016-07-07T05:34:33","modified_gmt":"2016-07-07T05:34:33","slug":"endodoncia-2","status":"publish","type":"page","link":"https:\/\/clinicadentalbroseta.com\/gb\/endodoncia-2\/","title":{"rendered":"Endodoncia"},"content":{"rendered":"<section  class=\"content-section full-width with-col custom-padding no-margin content-section-69e5ab923bf3b\"><div class=\"row vc_row-fluid\"><div class=\"wpb_column vc_column_container col-md-12\"><div class=\"section-text text-block \" ><p>La endodoncia consiste en el diagn\u00f3stico y el tratamiento de las enfermedades de los conductos radiculares del diente.<\/p>\n<p>Cuando una carie es tan profunda que se ve afectada la zona nerviosa y vascular del diente, la endodoncia se convierte en el tratamiento de elecci\u00f3n para evitar as\u00ed perder el diente de forma prematura.<\/p>\n<p>En Cl\u00ednica Dental BROSETA cualquiera de nuestros odont\u00f3logos est\u00e1 capacitado para realizar este tipo de tratamiento, ya que se encuentra entre los m\u00e1s solicitados de la pr\u00e1ctica odontol\u00f3gica diaria.<\/p>\n<\/div><\/div><\/div><\/section>\n","protected":false},"excerpt":{"rendered":"La endodoncia consiste en el diagn\u00f3stico y el tratamiento de las enfermedades de los conductos radiculares del diente. Cuando una carie es tan profunda que se ve afectada la zona nerviosa y vascular del diente, la endodoncia se convierte en el tratamiento de elecci\u00f3n para evitar as\u00ed perder el diente de forma prematura. En Cl\u00ednica","protected":false},"author":3,"featured_media":0,"parent":0,"menu_order":0,"comment_status":"open","ping_status":"closed","template":"","meta":[],"translation":{"provider":"WPGlobus","version":"2.8.11","language":"gb","enabled_languages":["es","gb"],"languages":{"es":{"title":true,"content":true,"excerpt":false},"gb":{"title":false,"content":false,"excerpt":false}}},"aioseo_notices":[],"_links":{"self":[{"href":"https:\/\/clinicadentalbroseta.com\/gb\/wp-json\/wp\/v2\/pages\/2890"}],"collection":[{"href":"https:\/\/clinicadentalbroseta.com\/gb\/wp-json\/wp\/v2\/pages"}],"about":[{"href":"https:\/\/clinicadentalbroseta.com\/gb\/wp-json\/wp\/v2\/types\/page"}],"author":[{"embeddable":true,"href":"https:\/\/clinicadentalbroseta.com\/gb\/wp-json\/wp\/v2\/users\/3"}],"replies":[{"embeddable":true,"href":"https:\/\/clinicadentalbroseta.com\/gb\/wp-json\/wp\/v2\/comments?post=2890"}],"version-history":[{"count":2,"href":"https:\/\/clinicadentalbroseta.com\/gb\/wp-json\/wp\/v2\/pages\/2890\/revisions"}],"predecessor-version":[{"id":3289,"href":"https:\/\/clinicadentalbroseta.com\/gb\/wp-json\/wp\/v2\/pages\/2890\/revisions\/3289"}],"wp:attachment":[{"href":"https:\/\/clinicadentalbroseta.com\/gb\/wp-json\/wp\/v2\/media?parent=2890"}],"curies":[{"name":"wp","href":"https:\/\/api.w.org\/{rel}","templated":true}]}}