{"id":2884,"date":"2015-06-30T11:57:25","date_gmt":"2015-06-30T11:57:25","guid":{"rendered":"http:\/\/clinicadentalbroseta.com\/?page_id=2884"},"modified":"2016-12-11T17:52:32","modified_gmt":"2016-12-11T17:52:32","slug":"implantologia-2","status":"publish","type":"page","link":"https:\/\/clinicadentalbroseta.com\/gb\/implantologia-2\/","title":{"rendered":"Implantolog\u00eda"},"content":{"rendered":"<section  class=\"content-section full-width with-col custom-padding no-margin content-section-69e5ab7842dec\"><div class=\"row vc_row-fluid\"><div class=\"wpb_column vc_column_container col-md-12\"><div class=\"section-text text-block \" ><p>Es un conjunto de t\u00e9cnicas quir\u00fargicas modernas orientadas a la sustituci\u00f3n de uno o varios dientes o incluso de una arcada completa y su objetivo es permitir la restauraci\u00f3n funcional y est\u00e9tica de la boca del paciente.<br \/>\nEl implante es un tornillo de titanio que se coloca en el hueso, al que se une biol\u00f3gicamente, convirti\u00e9ndose en un anclaje ideal para la posterior colocaci\u00f3n de una pr\u00f3tesis.<br \/>\nEn la Cl\u00ednica Dental BROSETA utilizamos sistemas de Implantolog\u00eda de reconocido prestigio internacional.<br \/>\nCada paciente tiene unas necesidades distintas y parte de una situaci\u00f3n anat\u00f3mica diferente por lo que ser\u00e1 necesario un estudio cl\u00ednico y radiol\u00f3gico personalizado para indicarle c\u00faal es el tipo de tratamiento m\u00e1s adecuado.<br \/>\nLa ciencia avanza y nos ofrece nuevas t\u00e9cnicas y materiales con mejores propiedades. Nuestro equipo est\u00e1 en continua formaci\u00f3n para poder ofrecerle los tratamientos m\u00e1s avanzados que se adapten a sus necesidades.<\/p>\n<p><strong>Implante Postextracci\u00f3n<br \/>\n<\/strong>Consiste en la sustituci\u00f3n del diente a extraer por un implante dental en la misma sesi\u00f3n cl\u00ednica. Si el cirujano lo considera indicado se puede incluso colocar inmediatamente un diente provisional fijo pudiendo recuperar as\u00ed la funci\u00f3n y la est\u00e9tica en un mismo d\u00eda.<\/p>\n<p><strong>&#8220;All on four&#8221;<br \/>\n<\/strong>Esta t\u00e9cnica se utiliza para rehabilitar la arcada completa de un paciente colocando 4 implantes de los cuales dos se colocan inclinados para evitar el uso de injertos. En los casos que el cirujano considera indicado se le colocar\u00e1 al paciente una rehabilitaci\u00f3n fija provisional recuperando as\u00ed la funci\u00f3n y la est\u00e9tica r\u00e1pidamente.<\/p>\n<p><strong>T\u00e9cnicas regenerativas<br \/>\n<\/strong>La falta de hueso en determinadas zonas de la boca impide la colocaci\u00f3n de implantes. En estos casos se llevaran a cabo t\u00e9cnicas de regeneraci\u00f3n \u00f3sea para reconstruir el hueso y poder colocar los implantes (Por ejemplo: la elevaci\u00f3n de seno maxilar, regeneraci\u00f3n \u00f3sea horizontal o vertical con ayuda de biomateriales o injertos de hueso aut\u00f3logo&#8230;etc).<\/p>\n<\/div><\/div><\/div><\/section>\n","protected":false},"excerpt":{"rendered":"Es un conjunto de t\u00e9cnicas quir\u00fargicas modernas orientadas a la sustituci\u00f3n de uno o varios dientes o incluso de una arcada completa y su objetivo es permitir la restauraci\u00f3n funcional y est\u00e9tica de la boca del paciente. El implante es un tornillo de titanio que se coloca en el hueso, al que se une biol\u00f3gicamente,","protected":false},"author":3,"featured_media":0,"parent":0,"menu_order":0,"comment_status":"open","ping_status":"closed","template":"","meta":[],"translation":{"provider":"WPGlobus","version":"2.8.11","language":"gb","enabled_languages":["es","gb"],"languages":{"es":{"title":true,"content":true,"excerpt":false},"gb":{"title":false,"content":false,"excerpt":false}}},"aioseo_notices":[],"_links":{"self":[{"href":"https:\/\/clinicadentalbroseta.com\/gb\/wp-json\/wp\/v2\/pages\/2884"}],"collection":[{"href":"https:\/\/clinicadentalbroseta.com\/gb\/wp-json\/wp\/v2\/pages"}],"about":[{"href":"https:\/\/clinicadentalbroseta.com\/gb\/wp-json\/wp\/v2\/types\/page"}],"author":[{"embeddable":true,"href":"https:\/\/clinicadentalbroseta.com\/gb\/wp-json\/wp\/v2\/users\/3"}],"replies":[{"embeddable":true,"href":"https:\/\/clinicadentalbroseta.com\/gb\/wp-json\/wp\/v2\/comments?post=2884"}],"version-history":[{"count":8,"href":"https:\/\/clinicadentalbroseta.com\/gb\/wp-json\/wp\/v2\/pages\/2884\/revisions"}],"predecessor-version":[{"id":3525,"href":"https:\/\/clinicadentalbroseta.com\/gb\/wp-json\/wp\/v2\/pages\/2884\/revisions\/3525"}],"wp:attachment":[{"href":"https:\/\/clinicadentalbroseta.com\/gb\/wp-json\/wp\/v2\/media?parent=2884"}],"curies":[{"name":"wp","href":"https:\/\/api.w.org\/{rel}","templated":true}]}}