{"id":1873,"date":"2015-03-24T17:02:38","date_gmt":"2015-03-24T17:02:38","guid":{"rendered":"http:\/\/rhythmwp.staging.wpengine.com\/?page_id=1873"},"modified":"2016-10-31T23:04:15","modified_gmt":"2016-10-31T23:04:15","slug":"ortodoncia","status":"publish","type":"page","link":"https:\/\/clinicadentalbroseta.com\/gb\/ortodoncia\/","title":{"rendered":"Ortodoncia"},"content":{"rendered":"<section  class=\"content-section full-width with-col custom-padding no-margin content-section-69e5abca407ba\"><div class=\"row vc_row-fluid\"><div class=\"wpb_column vc_column_container col-md-12\"><div class=\"section-text text-block \" ><p>El \u00e1rea de Ortodoncia de la Cl\u00ednica Dental BROSETA est\u00e1 dirigida por la Dra. Laura Broseta Collado. Ella se encarga de detectar malposiciones en los dientes y alteraciones del desarrollo esquel\u00e9tico (maxilar y mandibular) mediante un estudio profundo e individualizado de cada caso. Una vez detectado el problema proceder\u00e1 a su correcci\u00f3n mediante aparatos fijos o removibles.<\/p>\n<p>La est\u00e9tica ya no supone un problema a la hora de ponerse aparato.<br \/>\nEl desarrollo tecnol\u00f3gico ha hecho que hoy dispongamos de materiales altamente est\u00e9ticos ( Zafiro, Porcelana, F\u00e9rulas y t\u00e9cnica Lingual ) con los que su tratamiento puede pasar pr\u00e1cticamente inadvertido para los que le rodean.<\/p>\n<p>Las malposiciones dentales se pueden corregir a cualquier edad, no as\u00ed los problemas de desarrollo maxilar o mandibular. Por esto \u00faltimo se recomienda llevar a los ni\u00f1os al ortodoncista antes de los 7 a\u00f1os, para detectar alteraciones de manera precoz y as\u00ed corregirlas f\u00e1cilmente.<br \/>\nEn Cl\u00ednica Dental BROSETA le ofrecemos las t\u00e9cnicas ortod\u00f3ncicas m\u00e1s modernas.<\/p>\n<p><!-- end .grid_9 --><\/p>\n<div class=\"clear\"><img loading=\"lazy\" class=\"alignnone size-medium wp-image-3419\" src=\"http:\/\/clinicadentalbroseta.com\/wp-content\/uploads\/2015\/03\/ortodoncia1-230x300.jpg\" alt=\"ortodoncia1\" width=\"230\" height=\"300\" \/>\u00a0<img loading=\"lazy\" class=\"alignnone size-medium wp-image-3420\" src=\"http:\/\/clinicadentalbroseta.com\/wp-content\/uploads\/2015\/03\/ortodoncia2-230x300.jpg\" alt=\"ortodoncia2\" width=\"230\" height=\"300\" \/><\/div>\n<div class=\"grid_3\"><\/div>\n<div class=\"grid_3\"><\/div>\n<div class=\"grid_3\"><\/div>\n<div class=\"grid_9\">\n<h5>ORTODONCIA INVISIBLE<\/h5>\n<p>Son alineadores dentales transparentes, est\u00e9ticos y removibles realizados a medida con un dise\u00f1o y fabricaci\u00f3n asistidos por ordenador.<br \/>\nEl paciente los ha de llevar todo el d\u00eda menos para comer. Deber\u00e1 cambiarlos cada 2 o 3 semanas. Nadie notar\u00e1 que lo lleva puesto.<br \/>\nEs un tratamiento ideal para adultos, aunque tambi\u00e9n se puede usar en pacientes en crecimiento.<\/p>\n<div class=\"img300\"><img loading=\"lazy\" class=\"alignnone size-medium wp-image-3421\" src=\"http:\/\/clinicadentalbroseta.com\/wp-content\/uploads\/2015\/03\/ortodoncia3-300x180.jpg\" alt=\"ortodoncia3\" width=\"300\" height=\"180\" \/><\/div>\n<h5><\/h5>\n<h5><\/h5>\n<p>&nbsp;<\/p>\n<h5>ORTODONCIA LINGUAL: T\u00c9CNICA INCOGNITO<\/h5>\n<p>Es una t\u00e9cnica muy sofisticada que consiste en colocar los brackets por la parte interna de los dientes, con lo que resulta pr\u00e1cticamente invisible. Cada caso se realiza a medida por laboratorios Alemanes, con un dise\u00f1o y fabricaci\u00f3n asistida por ordenador.<br \/>\nEl resultado final es igual al obtenido a trav\u00e9s de la ortodoncia convencional, pero sin el inconveniente de que se vea al sonreir.<\/p>\n<p>La est\u00e9tica la convierte en la opci\u00f3n ideal para personas adultas j\u00f3venes que no quieren utilizar aparatos visibles y tambi\u00e9n para todas aquellas personas que por una raz\u00f3n u otra no quieren sacrificar temporalmente la est\u00e9tica de su sonrisa.<\/p>\n<\/div>\n<div class=\"grid_3\"><\/div>\n<div class=\"grid_4\"><\/div>\n<div class=\"grid_1\">\u00a0 <a href=\"http:\/\/clinicadentalbroseta.com\/wp-content\/uploads\/2015\/03\/ortodoncia4.jpg\"><img loading=\"lazy\" class=\"alignnone size-medium wp-image-3422\" src=\"http:\/\/clinicadentalbroseta.com\/wp-content\/uploads\/2015\/03\/ortodoncia4-300x180.jpg\" alt=\"ortodoncia4\" width=\"300\" height=\"180\" \/><\/a><img loading=\"lazy\" class=\"alignnone size-medium wp-image-3423\" src=\"http:\/\/clinicadentalbroseta.com\/wp-content\/uploads\/2015\/03\/ortodoncia5-300x180.jpg\" alt=\"ortodoncia5\" width=\"300\" height=\"180\" \/><\/div>\n<div class=\"grid_9\">\n<h5><\/h5>\n<h5><\/h5>\n<p>&nbsp;<\/p>\n<h5>ORTODONCIA CON PORCELANA O CON ZAFIRO<\/h5>\n<p>Es ortodoncia convencional usando materiales del color del diente, al ser blancos, permanecen pr\u00e1cticamente inapreciables a la vista.<\/p>\n<h5>ORTODONCIA INTERCEPTIVA<\/h5>\n<p>Los m\u00e1s peque\u00f1os necesitan muchas veces tratamientos ortop\u00e9dicos que modifican la posici\u00f3n de los dientes y de los huesos maxilares durante el crecimiento, esto ayuda a solucionar problemas que m\u00e1s tarde serian casos complicados o imposibles sin cirug\u00eda.<\/p>\n<h5>MICROIMPLANTES DENTALES<\/h5>\n<p>Permiten realizar de un modo m\u00e1s r\u00e1pido y c\u00f3modo movimientos dentales muy complejos que hasta hace unos a\u00f1os se consideraban imposibles.<\/p>\n<h5>TRATAMIENTOS ORTOD\u00d3NCICOS CON CIRUG\u00cdA ORTOGN\u00c1TICA<\/h5>\n<p>Existen malformaciones de los huesos maxilares que impiden una buena funci\u00f3n de nuestra boca. Los casos extremos que no se pueden camuflar con ortodoncia convencional requieren un tratamiento especial interdisciplinario con un Cirujano Ortogn\u00e1tico.<br \/>\nNosotros prepararemos tu boca para que la operaci\u00f3n sea un \u00e9xito.<\/p>\n<div class=\"img300\"><img loading=\"lazy\" class=\"alignnone size-medium wp-image-3424\" src=\"http:\/\/clinicadentalbroseta.com\/wp-content\/uploads\/2015\/03\/ortodoncia6-300x180.jpg\" alt=\"ortodoncia6\" width=\"300\" height=\"180\" \/><\/div>\n<\/div>\n<\/div><\/div><\/div><\/section>\n","protected":false},"excerpt":{"rendered":"El \u00e1rea de Ortodoncia de la Cl\u00ednica Dental BROSETA est\u00e1 dirigida por la Dra. Laura Broseta Collado. Ella se encarga de detectar malposiciones en los dientes y alteraciones del desarrollo esquel\u00e9tico (maxilar y mandibular) mediante un estudio profundo e individualizado de cada caso. Una vez detectado el problema proceder\u00e1 a su correcci\u00f3n mediante aparatos fijos","protected":false},"author":3,"featured_media":0,"parent":0,"menu_order":0,"comment_status":"open","ping_status":"open","template":"","meta":[],"translation":{"provider":"WPGlobus","version":"2.8.11","language":"gb","enabled_languages":["es","gb"],"languages":{"es":{"title":true,"content":true,"excerpt":false},"gb":{"title":false,"content":false,"excerpt":false}}},"aioseo_notices":[],"_links":{"self":[{"href":"https:\/\/clinicadentalbroseta.com\/gb\/wp-json\/wp\/v2\/pages\/1873"}],"collection":[{"href":"https:\/\/clinicadentalbroseta.com\/gb\/wp-json\/wp\/v2\/pages"}],"about":[{"href":"https:\/\/clinicadentalbroseta.com\/gb\/wp-json\/wp\/v2\/types\/page"}],"author":[{"embeddable":true,"href":"https:\/\/clinicadentalbroseta.com\/gb\/wp-json\/wp\/v2\/users\/3"}],"replies":[{"embeddable":true,"href":"https:\/\/clinicadentalbroseta.com\/gb\/wp-json\/wp\/v2\/comments?post=1873"}],"version-history":[{"count":10,"href":"https:\/\/clinicadentalbroseta.com\/gb\/wp-json\/wp\/v2\/pages\/1873\/revisions"}],"predecessor-version":[{"id":3429,"href":"https:\/\/clinicadentalbroseta.com\/gb\/wp-json\/wp\/v2\/pages\/1873\/revisions\/3429"}],"wp:attachment":[{"href":"https:\/\/clinicadentalbroseta.com\/gb\/wp-json\/wp\/v2\/media?parent=1873"}],"curies":[{"name":"wp","href":"https:\/\/api.w.org\/{rel}","templated":true}]}}