{"id":1861,"date":"2015-03-24T10:17:29","date_gmt":"2015-03-24T10:17:29","guid":{"rendered":"http:\/\/rhythmwp.staging.wpengine.com\/?page_id=1861"},"modified":"2017-12-12T22:46:22","modified_gmt":"2017-12-12T22:46:22","slug":"broseta","status":"publish","type":"page","link":"https:\/\/clinicadentalbroseta.com\/gb\/broseta\/","title":{"rendered":"Broseta"},"content":{"rendered":"<section  class=\"content-section full-width with-col no-padding no-margin\"><div class=\"row vc_row-fluid\"><div class=\"wpb_column vc_column_container col-md-12\"><h2  class=\"section-title mb-70 mb-sm-40 font-alt align-center\" style=\"font-size:20PX;\">M\u00e1s de 30 a\u00f1os cuidando de tu sonrisa<\/h2><h2  class=\"section-title mb-70 mb-sm-40 font-alt align-center\" style=\"font-size:80PX;\">BROSETA<\/h2><\/div><\/div><\/section><section  class=\"content-section full-width with-col custom-padding no-margin content-section-69e5abcb06404\"><div class=\"row vc_row-fluid\"><div class=\"wpb_column vc_column_container col-md-12\"><div class=\"section-text text-block \" ><p>Nuestro inter\u00e9s\u00a0e inquietud por la rama de la Medicina y la Odontolog\u00eda\u00a0ha estado presente durante generaciones en la familia.<\/p>\n<p>El tatarabuelo materno\u00a0Don Blas Gras Cardona\u00a0fue Odont\u00f3logo\u00a0\u00a0y el bisabuelo materno\u00a0Jose Collado\u00a0fue Prot\u00e9sico dental. Nuestros abuelos\u00a0tambi\u00e9n se dedicaron a la rama de la Medicina.\u00a0Cl\u00ednica Dental Broseta fue fundada en 1980 por nuestros padres, Francisco Broseta Prades y Maria Luisa Collado V\u00e9lez, en el pueblo valenciano de Cheste. Tan solo unos a\u00f1os despu\u00e9s tuvo lugar la apertura de una segunda cl\u00ednica dental en la ciudad de Valencia.<\/p>\n<p>En\u00a0Cl\u00ednica Dental Broseta ofrecemos a nuestros pacientes desde hace m\u00e1s de 30 a\u00f1os un trato cercano y familiar. Nuestro objetivo es tratar de manera eficaz cualquier patolog\u00eda dental y para ello trabajamos con ilusi\u00f3n.\u00a0Nuestro\u00a0equipo cl\u00ednico est\u00e1 formado por odont\u00f3logos generalistas y especialistas que cuentan con una formaci\u00f3n amplia y avanzada. Esto nos\u00a0permite tener una visi\u00f3n multidisciplinar para abordar cualquier patolog\u00eda dental.Trabajamos siempre con marcas de reconocido prestigio internacional.<\/p>\n<\/div><\/div><\/div><\/section><section  class=\"content-section full-width with-col no-padding no-margin\"><div class=\"row vc_row-fluid\"><div class=\"wpb_column vc_column_container col-md-12\"><div  class=\"clear rs-space\" style=\"height:10PX;\"><\/div><\/div><\/div><\/section><section  class=\"content-section full-width with-col no-padding no-margin\"><div class=\"row vc_row-fluid\"><div class=\"wpb_column vc_column_container col-md-12\"><div class=\"row multi-columns-row\"><div  class=\"col-md-4 col-lg-4 mb-md-10\"><div class=\"post-prev-img\"><a href=\"https:\/\/clinicadentalbroseta.com\/wp-content\/uploads\/2015\/03\/antiguo_1.jpg\" class=\"lightbox-gallery-2 mfp-image\"><img src=\"https:\/\/clinicadentalbroseta.com\/wp-content\/uploads\/2015\/03\/antiguo_1-720x463.jpg\" alt=\"\" \/><\/a><\/div><\/div><div  class=\"col-md-4 col-lg-4 mb-md-10\"><div class=\"post-prev-img\"><a href=\"https:\/\/clinicadentalbroseta.com\/wp-content\/uploads\/2015\/03\/antiguo_3.jpg\" class=\"lightbox-gallery-2 mfp-image\"><img src=\"https:\/\/clinicadentalbroseta.com\/wp-content\/uploads\/2015\/03\/antiguo_3-720x463.jpg\" alt=\"\" \/><\/a><\/div><\/div><div  class=\"col-md-4 col-lg-4 mb-md-10\"><div class=\"post-prev-img\"><a href=\"https:\/\/clinicadentalbroseta.com\/wp-content\/uploads\/2015\/03\/antiguo_2.jpg\" class=\"lightbox-gallery-2 mfp-image\"><img src=\"https:\/\/clinicadentalbroseta.com\/wp-content\/uploads\/2015\/03\/antiguo_2-720x463.jpg\" alt=\"\" \/><\/a><\/div><\/div><\/div><\/div><\/div><\/section><section  class=\"content-section full-width with-col no-padding no-margin\"><div class=\"row vc_row-fluid\"><div class=\"wpb_column vc_column_container col-md-4\"><div class=\"section-text text-block align-left\" ><p>Carnet de identidad del Odont\u00f3logo Don Blas Gras Cardona expedido el 25 de Febrero del a\u00f1o 1927 en\u00a0Valencia\u00a0 por el Gobierno Civil de Valencia y firmado por el\u00a0Inspector Provincial de Sanidad y el Gobernador.<\/p>\n<\/div><\/div><div class=\"wpb_column vc_column_container col-md-4\"><\/div><div class=\"wpb_column vc_column_container col-md-4\"><div class=\"section-text text-block align-left\" ><p>Esta imagen de Jos\u00e9 Collado fue publicada en el a\u00f1o 1923 en la revista profesional de Propaganda, Divulgaci\u00f3n y Cr\u00edtica &#8220;El Prot\u00e9sico Dental Levantino&#8221;.<\/p>\n<\/div><\/div><\/div><\/section>\n","protected":false},"excerpt":{"rendered":"M\u00e1s de 30 a\u00f1os cuidando de tu sonrisaBROSETANuestro inter\u00e9s\u00a0e inquietud por la rama de la Medicina y la Odontolog\u00eda\u00a0ha estado presente durante generaciones en la familia. El tatarabuelo materno\u00a0Don Blas Gras Cardona\u00a0fue Odont\u00f3logo\u00a0\u00a0y el bisabuelo materno\u00a0Jose Collado\u00a0fue Prot\u00e9sico dental. Nuestros abuelos\u00a0tambi\u00e9n se dedicaron a la rama de la Medicina.\u00a0Cl\u00ednica Dental Broseta fue fundada en 1980","protected":false},"author":3,"featured_media":0,"parent":0,"menu_order":0,"comment_status":"open","ping_status":"open","template":"","meta":[],"translation":{"provider":"WPGlobus","version":"2.8.11","language":"gb","enabled_languages":["es","gb"],"languages":{"es":{"title":true,"content":true,"excerpt":false},"gb":{"title":false,"content":false,"excerpt":false}}},"aioseo_notices":[],"_links":{"self":[{"href":"https:\/\/clinicadentalbroseta.com\/gb\/wp-json\/wp\/v2\/pages\/1861"}],"collection":[{"href":"https:\/\/clinicadentalbroseta.com\/gb\/wp-json\/wp\/v2\/pages"}],"about":[{"href":"https:\/\/clinicadentalbroseta.com\/gb\/wp-json\/wp\/v2\/types\/page"}],"author":[{"embeddable":true,"href":"https:\/\/clinicadentalbroseta.com\/gb\/wp-json\/wp\/v2\/users\/3"}],"replies":[{"embeddable":true,"href":"https:\/\/clinicadentalbroseta.com\/gb\/wp-json\/wp\/v2\/comments?post=1861"}],"version-history":[{"count":44,"href":"https:\/\/clinicadentalbroseta.com\/gb\/wp-json\/wp\/v2\/pages\/1861\/revisions"}],"predecessor-version":[{"id":3642,"href":"https:\/\/clinicadentalbroseta.com\/gb\/wp-json\/wp\/v2\/pages\/1861\/revisions\/3642"}],"wp:attachment":[{"href":"https:\/\/clinicadentalbroseta.com\/gb\/wp-json\/wp\/v2\/media?parent=1861"}],"curies":[{"name":"wp","href":"https:\/\/api.w.org\/{rel}","templated":true}]}}